{"id":4545,"date":"2022-02-25T15:02:04","date_gmt":"2022-02-25T15:02:04","guid":{"rendered":"https:\/\/genuinemerino.com\/politica-de-cookies\/"},"modified":"2022-08-23T08:45:48","modified_gmt":"2022-08-23T08:45:48","slug":"politica-de-cookies","status":"publish","type":"page","link":"https:\/\/genuinemerino.com\/es\/politica-de-cookies\/","title":{"rendered":"Pol\u00edtica de Cookies"},"content":{"rendered":"\t\t<div data-elementor-type=\"wp-page\" data-elementor-id=\"4545\" class=\"elementor elementor-4545 elementor-1249\">\n\t\t\t\t\t\t\t\t\t<section class=\"elementor-section elementor-top-section elementor-element elementor-element-a23a142 elementor-section-boxed elementor-section-height-default elementor-section-height-default\" data-id=\"a23a142\" data-element_type=\"section\" data-settings=\"{&quot;background_background&quot;:&quot;classic&quot;}\">\n\t\t\t\t\t\t<div class=\"elementor-container elementor-column-gap-default\">\n\t\t\t\t\t<div class=\"elementor-column elementor-col-100 elementor-top-column elementor-element elementor-element-2468cf7\" data-id=\"2468cf7\" data-element_type=\"column\">\n\t\t\t<div class=\"elementor-widget-wrap elementor-element-populated\">\n\t\t\t\t\t\t\t\t<div class=\"elementor-element elementor-element-3a880db elementor-widget elementor-widget-spacer\" data-id=\"3a880db\" data-element_type=\"widget\" data-widget_type=\"spacer.default\">\n\t\t\t\t<div class=\"elementor-widget-container\">\n\t\t\t<style>\/*! elementor - v3.8.1 - 13-11-2022 *\/\n.elementor-column .elementor-spacer-inner{height:var(--spacer-size)}.e-con{--container-widget-width:100%}.e-con-inner>.elementor-widget-spacer,.e-con>.elementor-widget-spacer{width:var(--container-widget-width,var(--spacer-size));-ms-flex-item-align:stretch;align-self:stretch;-ms-flex-negative:0;flex-shrink:0}.e-con-inner>.elementor-widget-spacer>.elementor-widget-container,.e-con-inner>.elementor-widget-spacer>.elementor-widget-container>.elementor-spacer,.e-con>.elementor-widget-spacer>.elementor-widget-container,.e-con>.elementor-widget-spacer>.elementor-widget-container>.elementor-spacer{height:100%}.e-con-inner>.elementor-widget-spacer>.elementor-widget-container>.elementor-spacer>.elementor-spacer-inner,.e-con>.elementor-widget-spacer>.elementor-widget-container>.elementor-spacer>.elementor-spacer-inner{height:var(--container-widget-height,var(--spacer-size))}<\/style>\t\t<div class=\"elementor-spacer\">\n\t\t\t<div class=\"elementor-spacer-inner\"><\/div>\n\t\t<\/div>\n\t\t\t\t<\/div>\n\t\t\t\t<\/div>\n\t\t\t\t\t<\/div>\n\t\t<\/div>\n\t\t\t\t\t\t\t<\/div>\n\t\t<\/section>\n\t\t\t\t<section class=\"elementor-section elementor-top-section elementor-element elementor-element-e32fb38 elementor-section-boxed elementor-section-height-default elementor-section-height-default\" data-id=\"e32fb38\" data-element_type=\"section\" data-settings=\"{&quot;background_background&quot;:&quot;classic&quot;}\">\n\t\t\t\t\t\t<div class=\"elementor-container elementor-column-gap-default\">\n\t\t\t\t\t<div class=\"elementor-column elementor-col-100 elementor-top-column elementor-element elementor-element-cd1623e\" data-id=\"cd1623e\" data-element_type=\"column\">\n\t\t\t<div class=\"elementor-widget-wrap elementor-element-populated\">\n\t\t\t\t\t\t\t\t<div class=\"elementor-element elementor-element-79db423 elementor-widget elementor-widget-heading\" data-id=\"79db423\" data-element_type=\"widget\" data-widget_type=\"heading.default\">\n\t\t\t\t<div class=\"elementor-widget-container\">\n\t\t\t<style>\/*! elementor - v3.8.1 - 13-11-2022 *\/\n.elementor-heading-title{padding:0;margin:0;line-height:1}.elementor-widget-heading .elementor-heading-title[class*=elementor-size-]>a{color:inherit;font-size:inherit;line-height:inherit}.elementor-widget-heading .elementor-heading-title.elementor-size-small{font-size:15px}.elementor-widget-heading .elementor-heading-title.elementor-size-medium{font-size:19px}.elementor-widget-heading .elementor-heading-title.elementor-size-large{font-size:29px}.elementor-widget-heading .elementor-heading-title.elementor-size-xl{font-size:39px}.elementor-widget-heading .elementor-heading-title.elementor-size-xxl{font-size:59px}<\/style><h2 class=\"elementor-heading-title elementor-size-default\">Pol\u00edtica de Cookies<\/h2>\t\t<\/div>\n\t\t\t\t<\/div>\n\t\t\t\t<div class=\"elementor-element elementor-element-90f9f7c elementor-widget elementor-widget-spacer\" data-id=\"90f9f7c\" data-element_type=\"widget\" data-widget_type=\"spacer.default\">\n\t\t\t\t<div class=\"elementor-widget-container\">\n\t\t\t\t\t<div class=\"elementor-spacer\">\n\t\t\t<div class=\"elementor-spacer-inner\"><\/div>\n\t\t<\/div>\n\t\t\t\t<\/div>\n\t\t\t\t<\/div>\n\t\t\t\t<div class=\"elementor-element elementor-element-4b78fcc elementor-widget elementor-widget-text-editor\" data-id=\"4b78fcc\" data-element_type=\"widget\" data-widget_type=\"text-editor.default\">\n\t\t\t\t<div class=\"elementor-widget-container\">\n\t\t\t<style>\/*! elementor - v3.8.1 - 13-11-2022 *\/\n.elementor-widget-text-editor.elementor-drop-cap-view-stacked .elementor-drop-cap{background-color:#818a91;color:#fff}.elementor-widget-text-editor.elementor-drop-cap-view-framed .elementor-drop-cap{color:#818a91;border:3px solid;background-color:transparent}.elementor-widget-text-editor:not(.elementor-drop-cap-view-default) .elementor-drop-cap{margin-top:8px}.elementor-widget-text-editor:not(.elementor-drop-cap-view-default) .elementor-drop-cap-letter{width:1em;height:1em}.elementor-widget-text-editor .elementor-drop-cap{float:left;text-align:center;line-height:1;font-size:50px}.elementor-widget-text-editor .elementor-drop-cap-letter{display:inline-block}<\/style>\t\t\t\t<div class=\"wpb_text_column wpb_content_element\"><div class=\"wpb_wrapper\"><p><strong><u>Primera capa<\/u><\/strong><\/p><p>Utilizamos cookies propias y de terceros para mejorar nuestros servicios y analizar sus h\u00e1bitos de navegaci\u00f3n Por favor, precisamos de su autorizaci\u00f3n para el uso de las mismas, a no ser que se traten de cookies necesarias. Puede cambiar la configuraci\u00f3n u obtener m\u00e1s informaci\u00f3n aqu\u00ed.<\/p><p><strong><u>Segunda capa<\/u><\/strong><\/p><p><strong>Objeto<\/strong><\/p><p>Esta pol\u00edtica de cookies explica c\u00f3mo utilizamos cookies y tecnolog\u00edas similares en el desarrollo de nuestra actividad a trav\u00e9s del sitio web <span style=\"color: #000000;\"><strong><a style=\"color: #000000;\" href=\"http:\/\/genuinemerino.com\/\">genuinemerino.com<\/a><\/strong><\/span> (en adelante, \u201cSitio Web\u201d); explica cu\u00e1les son y por qu\u00e9 las utilizamos, as\u00ed como sus derechos para controlar el uso que hacemos de ellas.<\/p><p>En ocasiones, podemos utilizar cookies y otras tecnolog\u00edas de seguimiento para recopilar informaci\u00f3n personal o informaci\u00f3n que se convierte en informaci\u00f3n personal si la combinamos con otra. Para obtener m\u00e1s informaci\u00f3n sobre c\u00f3mo tratamos su informaci\u00f3n personal, consulte nuestra <span style=\"color: #000000;\"><strong><a style=\"color: #000000;\" href=\"http:\/\/genuinemerino.com\/privacy-policy\/\">Pol\u00edtica de privacidad.<\/a><\/strong><\/span><\/p><p>Al hacer clic en una casilla de verificaci\u00f3n (por ejemplo, \u201cSeguir navegando\u201d) del Sitio Web, el Usuario acepta de manera expresa el uso de cookies del Sitio Web y la instalaci\u00f3n de las mismas en el ordenador utilizado por \u00e9ste para acceder y navegar a trav\u00e9s del mismo (incluyendo dispositivos m\u00f3viles y los navegadores); as\u00ed como a la recogida y el tratamiento de los datos de car\u00e1cter personal del Usuario de la manera y finalidades descritas en esta Pol\u00edtica de cookies.<\/p><p>La presente Pol\u00edtica de Cookies puede estar sujeta a cambios. En consecuencia, recomendamos al Usuario revisar esta pol\u00edtica cada vez que acceda a nuestro Sitio Web para estar informado sobre eventuales cambios en la misma, que le ser\u00edan aplicables. En caso de no estar de acuerdo con esta Pol\u00edtica de Cookies, el Usuario debe abstenerse de usar el Sitio Web y abandonar el mismo de forma inmediata.<\/p><p><strong>\u00bfQu\u00e9 son las cookies?<\/strong><\/p><p>Una cookie es un fichero que se descarga en el terminal (por ejemplo, un ordenador, un tel\u00e9fono m\u00f3vil, una tablet, etc.) del Usuario cuando \u00e9ste accede a determinadas p\u00e1ginas web como, por ejemplo, \u00e9sta Las cookies permiten a dichas p\u00e1ginas web, entre otras cosas, monitorear, almacenar y recuperar informaci\u00f3n sobre los h\u00e1bitos de navegaci\u00f3n del Usuario (por ejemplo, preferencias, perfil, claves de acceso, etc.) as\u00ed como obtener informaci\u00f3n t\u00e9cnica relacionada con la navegabilidad de las p\u00e1ginas web. Las cookies tambi\u00e9n contribuyen a la funcionalidad, usabilidad y accesibilidad de las p\u00e1ginas web.<\/p><p>Dependiendo de la funci\u00f3n y finalidad de las cookies, existen varios tipos:<\/p><p>&#8211; <strong>Anal\u00edticas<\/strong> \u2013 Estas cookies recogen informaci\u00f3n con la finalidad de permitir a los sitios web realizar una evaluaci\u00f3n del uso que hacen los Usuarios de los mismos y su actividad general, as\u00ed como recopilar datos estad\u00edsticos Las cookies anal\u00edticas miden y recogen datos del Sitio Web (visitas, par\u00e1metros de tr\u00e1fico, clicks, p\u00e1ginas vistas, etc.) para entender y optimizar la p\u00e1gina web.<\/p><p><em>Social. \u2013 <\/em>Son necesarias para las redes sociales externas (Facebook, Google, Twitter, Pinterest, etc.). Su funci\u00f3n es controlar la interacci\u00f3n con los widgets sociales dentro de una p\u00e1gina web.<\/p><p>&#8211;<strong>Cookies de publicidad y comportamentales<\/strong>. \u2013 Recogen informaci\u00f3n sobre los h\u00e1bitos de navegaci\u00f3n del Usuario y su comportamiento con la finalidad de identificar las preferencias, gustos y h\u00e1bitos dentro de un Sitio Web espec\u00edfico. Estas cookies permiten adecuar el contenido de la publicidad en base al an\u00e1lisis realizado de los h\u00e1bitos de navegaci\u00f3n del Usuario y deduciendo las caracter\u00edsticas del mismo como localizaci\u00f3n, grupo de edad, g\u00e9nero.<\/p><p><strong>-T\u00e9cnicas.<\/strong> \u2013 Son las estrictamente necesarias para la funcionalidad y la navegabilidad de una p\u00e1gina web, permiten la navegaci\u00f3n del Usuario a trav\u00e9s de dicha p\u00e1gina o aplicaci\u00f3n y la utilizaci\u00f3n de sus diferentes opciones o servicios.<\/p><p>&#8211;<strong>Cookies de personalizaci\u00f3n.<\/strong> \u2013 Son aqu\u00e9llas que permiten a los sitios web conservar determinadas preferencias (por ejemplo, idioma, pa\u00eds, configuraci\u00f3n regional, etc.) predefinidas por el Usuario en su primera visita (y posteriores) en el Sitio Web.<\/p><p>&#8211;<strong>Cookies de terceros.<\/strong> \u2013 Las cookies de terceros son titularidad de terceros usadas por los sitios web a objeto de gestionar y mejorar el contenido y los servicios ofrecidos.<\/p><p>Para obtener m\u00e1s informaci\u00f3n acerca de las cookies, el Usuario puede visitar la p\u00e1gina web All About Cookies.org, accesible a trav\u00e9s del siguiente enlace<strong><span style=\"color: #000000;\"><a style=\"color: #000000;\" href=\"https:\/\/www.allaboutcookies.org\/es\/\">http:\/\/www.allaboutcookies.org\/es.<\/a><\/span><\/strong><\/p><p><strong>\u00bfPor qu\u00e9 utilizamos cookies y otras tecnolog\u00edas de seguimiento?<\/strong><\/p><p>Utilizamos cookies de terceros por varios motivos. Algunas cookies son necesarias por razones t\u00e9cnicas para que nuestros sitios web y servicios funcionen, y nos referimos a ellas como cookies \u201cesenciales\u201d o \u201cestrictamente necesarias\u201d. Esto se describe con m\u00e1s detalle a continuaci\u00f3n.<\/p><p><strong>\u00bfQu\u00e9 tipos de cookies utiliza este Sitio Web?<\/strong><\/p><p><strong><u>Cookies de terceros<\/u><\/strong><\/p><p><strong>Google Analytics<\/strong><\/p><p>El Sitio Web utiliza Google Analytics, un servicio anal\u00edtico web prestado por Google, Inc. (en adelante, \u201cGoogle\u201d), una empresa ubicada en los Estados Unidos Por tanto, los datos recogidos y tratados por Google Analytics (incluyendo la direcci\u00f3n IP del Usuario) podr\u00e1n ser transferidos a terceros pa\u00edses fuera del Espacio Econ\u00f3mico Europeo (EEE), y almacenados en los servidores de Google ubicados fuera del EEE.<\/p><p>Por medio de las Google Analytics, GENUINE MERINO. analiza la interacci\u00f3n del Usuario con el Sitio Web, hace seguimiento de los h\u00e1bitos de navegaci\u00f3n del mismo dentro de la misma y recoge datos de su actividad para medir el rendimiento de \u00e9sta.<\/p><p>El Usuario puede gestionar y bloquear el tratamiento de sus datos de car\u00e1cter personal a trav\u00e9s de Google Analytics mediante la configuraci\u00f3n del navegador usado para acceder al Sitio Web.<\/p><p>El Usuario puede ampliar la informaci\u00f3n aqu\u00ed contenida sobre Google Analytics en <span style=\"color: #000000;\"><strong><a style=\"color: #000000;\" href=\"https:\/\/developers.google.com\/analytics\/devguides\/collection\/analyticsjs\/cookie-usage\">https:\/\/developers.google.com\/analytics\/devguides\/collection\/analyticsjs\/cookie-usage<\/a><\/strong><\/span><\/p><p>Por otro lado, el Usuario puede desactivar Google Analytics mediante la instalaci\u00f3n de un complemento de inhabilitaci\u00f3n. El Usuario puede obtener m\u00e1s informaci\u00f3n sobre dicho complemento en <strong><span style=\"color: #000000;\"><a style=\"color: #000000;\" href=\"https:\/\/tools.google.com\/dlpage\/gaoptout?hl=en\"><em>https:\/\/tools.google.com\/dlpage\/gaoptout?hl=en<\/em><\/a><\/span><\/strong><\/p><\/div><p><strong>\u00bfC\u00f3mo puedo bloquear o eliminar las cookies?<\/strong><\/p><p>Para bloquear o eliminar las cookies instaladas, el Usuario debe configurar las opciones del navegador que utiliza. As\u00ed, si no deseas que se instalen cookies en tu disco duro, debes configurar el navegador para no recibirlas.<\/p><p><strong>Estos son los enlaces de los principales navegadores que informan sobre el uso de cookies:<\/strong><\/p><p><strong>NAVEGADORES PC<\/strong><\/p><p>Firefox: <strong><span style=\"color: #000000;\"><a style=\"color: #000000;\" href=\"https:\/\/support.mozilla.org\/es\/kb\/habilitar-y-deshabilitar-cookies-que-los-sitios-we\">https:\/\/support.mozilla.org\/es\/kb\/habilitar-y-deshabilitar-cookies-que-los-sitios-we<\/a><\/span><\/strong><\/p><p>Chrome: <span style=\"color: #000000;\"><strong><a style=\"color: #000000;\" href=\"https:\/\/support.google.com\/chrome\/answer\/95647?hl=es\">https:\/\/support.google.com\/chrome\/answer\/95647?hl=es<\/a><\/strong><\/span><\/p><p>Explorer: <strong><span style=\"color: #000000;\"><a style=\"color: #000000;\" href=\"https:\/\/support.microsoft.com\/es-es\/help\/17442\/windows-internet-explorer-delete-manage-cookies\">https:\/\/support.microsoft.com\/es-es\/help\/17442\/windows-internet-explorer-delete-manage-cookies<\/a><\/span><\/strong><\/p><p>Edge: <strong><span style=\"color: #000000;\"><a style=\"color: #000000;\" href=\"https:\/\/support.microsoft.com\/es-es\/help\/17442\/windows-internet-explorer-delete-manage-cookies\">https:\/\/support.microsoft.com\/es-es\/help\/17442\/windows-internet-explorer-delete-manage-cookies<\/a><\/span><\/strong><\/p><p>Safari: <span style=\"color: #000000;\"><strong><a style=\"color: #000000;\" href=\"https:\/\/support.apple.com\/kb\/PH19214?locale=es_ES&amp;viewlocale=es_ES\">https:\/\/support.apple.com\/kb\/PH19214?locale=es_ES&amp;viewlocale=es_ES<\/a><\/strong><\/span><\/p><p>Opera: <span style=\"color: #000000;\"><strong><a style=\"color: #000000;\" href=\"http:\/\/help.opera.com\/Windows\/11.50\/es-ES\/cookies.html\">http:\/\/help.opera.com\/Windows\/11.50\/es-ES\/cookies.html<\/a><\/strong><\/span><\/p><\/div><p>El bloqueo, la inhabilitaci\u00f3n o la eliminaci\u00f3n de las cookies utilizadas en el Sitio Web puede afectar a la plena funcionalidad del mismo; haciendo que algunos servicios o funciones del Sitio Web no est\u00e9n disponibles.<\/p><p><strong>\u00bfCon qu\u00e9 frecuencia se actualizar\u00e1 esta Declaraci\u00f3n sobre Cookies?<\/strong><\/p><p>Podemos actualizar esta Declaraci\u00f3n sobre Cookies peri\u00f3dicamente para reflejar, por ejemplo, los cambios en las cookies que utilizamos o por otros motivos operativos, legales o reglamentarios. Por tanto, visite esta Declaraci\u00f3n sobre cookies peri\u00f3dicamente para mantenerse informado sobre nuestro uso de cookies y tecnolog\u00edas relacionadas.<\/p><p>La fecha en la parte inferior de esta Declaraci\u00f3n sobre cookies indica cu\u00e1ndo fue actualizada por \u00faltima vez.<\/p><p>Si usted desea revocar su consentimiento respecto al uso de cookies, p\u00f3ngase en contacto con nosotros a trav\u00e9s del correo electr\u00f3nico <span style=\"color: #000000;\"><a style=\"color: #000000;\" href=\"mailto:hello@genuinemerino.com\"><strong>hello@genuinemerino.com<\/strong><\/a><\/span><\/p>\t\t\t\t\t\t<\/div>\n\t\t\t\t<\/div>\n\t\t\t\t\t<\/div>\n\t\t<\/div>\n\t\t\t\t\t\t\t<\/div>\n\t\t<\/section>\n\t\t\t\t\t\t\t<\/div>\n\t\t","protected":false},"excerpt":{"rendered":"<p>Pol\u00edtica de Cookies Primera capa Utilizamos cookies propias y de terceros para mejorar nuestros servicios y analizar sus h\u00e1bitos de navegaci\u00f3n Por favor, precisamos de su autorizaci\u00f3n para el uso de las mismas, a no ser que se traten de cookies necesarias. Puede cambiar la configuraci\u00f3n u obtener m\u00e1s informaci\u00f3n aqu\u00ed. Segunda capa Objeto Esta [&hellip;]<\/p>\n","protected":false},"author":1,"featured_media":0,"parent":0,"menu_order":0,"comment_status":"closed","ping_status":"closed","template":"","meta":{"footnotes":""},"class_list":["post-4545","page","type-page","status-publish","hentry"],"_links":{"self":[{"href":"https:\/\/genuinemerino.com\/es\/wp-json\/wp\/v2\/pages\/4545","targetHints":{"allow":["GET"]}}],"collection":[{"href":"https:\/\/genuinemerino.com\/es\/wp-json\/wp\/v2\/pages"}],"about":[{"href":"https:\/\/genuinemerino.com\/es\/wp-json\/wp\/v2\/types\/page"}],"author":[{"embeddable":true,"href":"https:\/\/genuinemerino.com\/es\/wp-json\/wp\/v2\/users\/1"}],"replies":[{"embeddable":true,"href":"https:\/\/genuinemerino.com\/es\/wp-json\/wp\/v2\/comments?post=4545"}],"version-history":[{"count":0,"href":"https:\/\/genuinemerino.com\/es\/wp-json\/wp\/v2\/pages\/4545\/revisions"}],"wp:attachment":[{"href":"https:\/\/genuinemerino.com\/es\/wp-json\/wp\/v2\/media?parent=4545"}],"curies":[{"name":"wp","href":"https:\/\/api.w.org\/{rel}","templated":true}]}}